{"id":24035,"date":"2019-04-17T16:10:18","date_gmt":"2019-04-17T14:10:18","guid":{"rendered":"https:\/\/www.salvana-spa.fr\/?page_id=24035"},"modified":"2023-12-21T15:15:24","modified_gmt":"2023-12-21T14:15:24","slug":"hydrotherapie","status":"publish","type":"page","link":"https:\/\/www.salvana-spa.fr\/en\/hydrotherapie\/","title":{"rendered":"Hydrotherapy"},"content":{"rendered":"<div class=\"wpb-content-wrapper\"><p>[vc_row][vc_column][vc_column_text]<\/p>\n<h2>Affusion massage &#8211; 30mn 90\u20ac<\/h2>\n<p>Combine the benefits of a massage with the virtues of water. This massage in the rain is particularly recommended for treating stress, diseases related to blood circulation, muscle contractions and rheumatism.[\/vc_column_text][vc_column_text css=&#8221;.vc_custom_1703167647734{border-top-width: 1px !important;padding-top: 25px !important;border-top-color: #ededed !important;border-top-style: solid !important;}&#8221;]<\/p>\n<h2>3-salt affusion scrub &#8211; 30mn 90\u20ac<\/h2>\n<p>Find a silky and radiant skin thanks to a mixture of salts of Himalaya, France, the Dead Sea and relaxing and invigorating essential oils.[\/vc_column_text][vc_column_text css=&#8221;.vc_custom_1703167685642{border-top-width: 1px !important;padding-top: 25px !important;border-top-color: #ededed !important;border-top-style: solid !important;}&#8221;]<\/p>\n<h2>\u00a0Oriental relaxation &amp; scrub in the hammam &#8211; 1h 90\u20ac<\/h2>\n<p>Relaxation and exfoliation with black soap and horsehair glove. Black soap activates blood circulation and eliminates dead skin.[\/vc_column_text][vc_column_text css=&#8221;.vc_custom_1703168020601{border-top-width: 1px !important;padding-top: 25px !important;border-top-color: #ededed !important;border-top-style: solid !important;}&#8221;]<\/p>\n<h2>Relaxing in the hammam Privatif- 30mn 40\u20ac<\/h2>\n<p>A place of choice to relax and rejuvenate, the hammam offers your skin a second wind. This steam bath relaxes all the muscles of the body, cleanses the skin and eliminates toxins from the body.[\/vc_column_text][\/vc_column][\/vc_row]<\/p>\n<\/div>","protected":false},"excerpt":{"rendered":"<p>&#8230;<\/p>\n","protected":false},"author":1,"featured_media":0,"parent":0,"menu_order":0,"comment_status":"closed","ping_status":"closed","template":"","meta":{"footnotes":""},"class_list":["post-24035","page","type-page","status-publish","hentry"],"yoast_head":"<!-- This site is optimized with the Yoast SEO plugin v25.9 - https:\/\/yoast.com\/wordpress\/plugins\/seo\/ -->\n<title>Massage sous affusion Hydrotherapy - Institut de beaut\u00e9 SPA &amp; Hammam<\/title>\n<meta name=\"description\" content=\"Profitez dans votre institut de beaut\u00e9 SPA des bienfaits du massage sous affusion \u00e0 l&#039;eau de mer et du gommage corps et du Hammam \u00e0 l&#039;orientale.\" \/>\n<meta name=\"robots\" content=\"index, follow, max-snippet:-1, max-image-preview:large, max-video-preview:-1\" \/>\n<link rel=\"canonical\" href=\"https:\/\/www.salvana-spa.fr\/en\/hydrotherapie\/\" \/>\n<meta property=\"og:locale\" content=\"en_US\" \/>\n<meta property=\"og:type\" content=\"article\" \/>\n<meta property=\"og:title\" content=\"Massage sous affusion Hydrotherapy - Institut de beaut\u00e9 SPA &amp; Hammam\" \/>\n<meta property=\"og:description\" content=\"Profitez dans votre institut de beaut\u00e9 SPA des bienfaits du massage sous affusion \u00e0 l&#039;eau de mer et du gommage corps et du Hammam \u00e0 l&#039;orientale.\" \/>\n<meta property=\"og:url\" content=\"https:\/\/www.salvana-spa.fr\/en\/hydrotherapie\/\" \/>\n<meta property=\"og:site_name\" content=\"Salvana SPA\" \/>\n<meta property=\"article:modified_time\" content=\"2023-12-21T14:15:24+00:00\" \/>\n<meta name=\"twitter:card\" content=\"summary_large_image\" \/>\n<meta name=\"twitter:label1\" content=\"Est. reading time\" \/>\n\t<meta name=\"twitter:data1\" content=\"1 minute\" \/>\n<script type=\"application\/ld+json\" class=\"yoast-schema-graph\">{\"@context\":\"https:\/\/schema.org\",\"@graph\":[{\"@type\":\"WebPage\",\"@id\":\"https:\/\/www.salvana-spa.fr\/en\/hydrotherapie\/\",\"url\":\"https:\/\/www.salvana-spa.fr\/en\/hydrotherapie\/\",\"name\":\"Massage sous affusion Hydrotherapy - Institut de beaut\u00e9 SPA & Hammam\",\"isPartOf\":{\"@id\":\"https:\/\/www.salvana-spa.fr\/en\/#website\"},\"datePublished\":\"2019-04-17T14:10:18+00:00\",\"dateModified\":\"2023-12-21T14:15:24+00:00\",\"description\":\"Profitez dans votre institut de beaut\u00e9 SPA des bienfaits du massage sous affusion \u00e0 l'eau de mer et du gommage corps et du Hammam \u00e0 l'orientale.\",\"breadcrumb\":{\"@id\":\"https:\/\/www.salvana-spa.fr\/en\/hydrotherapie\/#breadcrumb\"},\"inLanguage\":\"en-US\",\"potentialAction\":[{\"@type\":\"ReadAction\",\"target\":[\"https:\/\/www.salvana-spa.fr\/en\/hydrotherapie\/\"]}]},{\"@type\":\"BreadcrumbList\",\"@id\":\"https:\/\/www.salvana-spa.fr\/en\/hydrotherapie\/#breadcrumb\",\"itemListElement\":[{\"@type\":\"ListItem\",\"position\":1,\"name\":\"Accueil\",\"item\":\"https:\/\/www.salvana-spa.fr\/en\/\"},{\"@type\":\"ListItem\",\"position\":2,\"name\":\"Hydrotherapy\"}]},{\"@type\":\"WebSite\",\"@id\":\"https:\/\/www.salvana-spa.fr\/en\/#website\",\"url\":\"https:\/\/www.salvana-spa.fr\/en\/\",\"name\":\"Salvana SPA\",\"description\":\"\",\"publisher\":{\"@id\":\"https:\/\/www.salvana-spa.fr\/en\/#organization\"},\"potentialAction\":[{\"@type\":\"SearchAction\",\"target\":{\"@type\":\"EntryPoint\",\"urlTemplate\":\"https:\/\/www.salvana-spa.fr\/en\/?s={search_term_string}\"},\"query-input\":{\"@type\":\"PropertyValueSpecification\",\"valueRequired\":true,\"valueName\":\"search_term_string\"}}],\"inLanguage\":\"en-US\"},{\"@type\":\"Organization\",\"@id\":\"https:\/\/www.salvana-spa.fr\/en\/#organization\",\"name\":\"SALVANA SPA\",\"url\":\"https:\/\/www.salvana-spa.fr\/en\/\",\"logo\":{\"@type\":\"ImageObject\",\"inLanguage\":\"en-US\",\"@id\":\"https:\/\/www.salvana-spa.fr\/en\/#\/schema\/logo\/image\/\",\"url\":\"https:\/\/www.salvana-spa.fr\/wp-content\/uploads\/2018\/10\/LOGO.png\",\"contentUrl\":\"https:\/\/www.salvana-spa.fr\/wp-content\/uploads\/2018\/10\/LOGO.png\",\"width\":1418,\"height\":685,\"caption\":\"SALVANA SPA\"},\"image\":{\"@id\":\"https:\/\/www.salvana-spa.fr\/en\/#\/schema\/logo\/image\/\"}}]}<\/script>\n<!-- \/ Yoast SEO plugin. -->","yoast_head_json":{"title":"Massage sous affusion Hydrotherapy - Institut de beaut\u00e9 SPA & Hammam","description":"Profitez dans votre institut de beaut\u00e9 SPA des bienfaits du massage sous affusion \u00e0 l'eau de mer et du gommage corps et du Hammam \u00e0 l'orientale.","robots":{"index":"index","follow":"follow","max-snippet":"max-snippet:-1","max-image-preview":"max-image-preview:large","max-video-preview":"max-video-preview:-1"},"canonical":"https:\/\/www.salvana-spa.fr\/en\/hydrotherapie\/","og_locale":"en_US","og_type":"article","og_title":"Massage sous affusion Hydrotherapy - Institut de beaut\u00e9 SPA & Hammam","og_description":"Profitez dans votre institut de beaut\u00e9 SPA des bienfaits du massage sous affusion \u00e0 l'eau de mer et du gommage corps et du Hammam \u00e0 l'orientale.","og_url":"https:\/\/www.salvana-spa.fr\/en\/hydrotherapie\/","og_site_name":"Salvana SPA","article_modified_time":"2023-12-21T14:15:24+00:00","twitter_card":"summary_large_image","twitter_misc":{"Est. reading time":"1 minute"},"schema":{"@context":"https:\/\/schema.org","@graph":[{"@type":"WebPage","@id":"https:\/\/www.salvana-spa.fr\/en\/hydrotherapie\/","url":"https:\/\/www.salvana-spa.fr\/en\/hydrotherapie\/","name":"Massage sous affusion Hydrotherapy - Institut de beaut\u00e9 SPA & Hammam","isPartOf":{"@id":"https:\/\/www.salvana-spa.fr\/en\/#website"},"datePublished":"2019-04-17T14:10:18+00:00","dateModified":"2023-12-21T14:15:24+00:00","description":"Profitez dans votre institut de beaut\u00e9 SPA des bienfaits du massage sous affusion \u00e0 l'eau de mer et du gommage corps et du Hammam \u00e0 l'orientale.","breadcrumb":{"@id":"https:\/\/www.salvana-spa.fr\/en\/hydrotherapie\/#breadcrumb"},"inLanguage":"en-US","potentialAction":[{"@type":"ReadAction","target":["https:\/\/www.salvana-spa.fr\/en\/hydrotherapie\/"]}]},{"@type":"BreadcrumbList","@id":"https:\/\/www.salvana-spa.fr\/en\/hydrotherapie\/#breadcrumb","itemListElement":[{"@type":"ListItem","position":1,"name":"Accueil","item":"https:\/\/www.salvana-spa.fr\/en\/"},{"@type":"ListItem","position":2,"name":"Hydrotherapy"}]},{"@type":"WebSite","@id":"https:\/\/www.salvana-spa.fr\/en\/#website","url":"https:\/\/www.salvana-spa.fr\/en\/","name":"Salvana SPA","description":"","publisher":{"@id":"https:\/\/www.salvana-spa.fr\/en\/#organization"},"potentialAction":[{"@type":"SearchAction","target":{"@type":"EntryPoint","urlTemplate":"https:\/\/www.salvana-spa.fr\/en\/?s={search_term_string}"},"query-input":{"@type":"PropertyValueSpecification","valueRequired":true,"valueName":"search_term_string"}}],"inLanguage":"en-US"},{"@type":"Organization","@id":"https:\/\/www.salvana-spa.fr\/en\/#organization","name":"SALVANA SPA","url":"https:\/\/www.salvana-spa.fr\/en\/","logo":{"@type":"ImageObject","inLanguage":"en-US","@id":"https:\/\/www.salvana-spa.fr\/en\/#\/schema\/logo\/image\/","url":"https:\/\/www.salvana-spa.fr\/wp-content\/uploads\/2018\/10\/LOGO.png","contentUrl":"https:\/\/www.salvana-spa.fr\/wp-content\/uploads\/2018\/10\/LOGO.png","width":1418,"height":685,"caption":"SALVANA SPA"},"image":{"@id":"https:\/\/www.salvana-spa.fr\/en\/#\/schema\/logo\/image\/"}}]}},"_links":{"self":[{"href":"https:\/\/www.salvana-spa.fr\/en\/wp-json\/wp\/v2\/pages\/24035","targetHints":{"allow":["GET"]}}],"collection":[{"href":"https:\/\/www.salvana-spa.fr\/en\/wp-json\/wp\/v2\/pages"}],"about":[{"href":"https:\/\/www.salvana-spa.fr\/en\/wp-json\/wp\/v2\/types\/page"}],"author":[{"embeddable":true,"href":"https:\/\/www.salvana-spa.fr\/en\/wp-json\/wp\/v2\/users\/1"}],"replies":[{"embeddable":true,"href":"https:\/\/www.salvana-spa.fr\/en\/wp-json\/wp\/v2\/comments?post=24035"}],"version-history":[{"count":11,"href":"https:\/\/www.salvana-spa.fr\/en\/wp-json\/wp\/v2\/pages\/24035\/revisions"}],"predecessor-version":[{"id":24374,"href":"https:\/\/www.salvana-spa.fr\/en\/wp-json\/wp\/v2\/pages\/24035\/revisions\/24374"}],"wp:attachment":[{"href":"https:\/\/www.salvana-spa.fr\/en\/wp-json\/wp\/v2\/media?parent=24035"}],"curies":[{"name":"wp","href":"https:\/\/api.w.org\/{rel}","templated":true}]}}