{"id":24050,"date":"2019-01-18T13:40:42","date_gmt":"2019-01-18T12:40:42","guid":{"rendered":"https:\/\/www.salvana-spa.fr\/les-soins-visage\/"},"modified":"2025-05-13T11:27:22","modified_gmt":"2025-05-13T09:27:22","slug":"les-soins-visage","status":"publish","type":"page","link":"https:\/\/www.salvana-spa.fr\/en\/les-soins-visage\/","title":{"rendered":"Facial care"},"content":{"rendered":"<div class=\"wpb-content-wrapper\"><p>[vc_row][vc_column][vc_column_text]<\/p>\n<h2>SKIN ANALYSIS<\/h2>\n<p>A skin diagnosis established by a beautician for a quality care. To offer a tailor-made and efficient service to our customers. It is important that each customer goes through the skin analysis. With all the information gathered about the customer\u2019s habits but also the deep analysis of the skin. The skin is analyzed by a cutometer that measures the elasticity and volume of the skin. A folder is thus constituted. A series of specific treatments can<br \/>\nbe proposed. A care routine adapted to the skin of each can be recommended and will preserve the benefits of treatments performed in institute. Thanks to this analysis, your skin is monitored and you receive personalized care according to your needs for a radiant complexion all year round.<\/p>\n<ul>\n<li>Analyse et rapport d\u00e9taill\u00e9 de votre peau <strong>(1h) 80\u20ac<\/strong><\/li>\n<\/ul>\n<p>[\/vc_column_text][vc_column_text]<\/p>\n<h2>SOTHYS ORGANICS\u00ae<\/h2>\n<h3>Soin \u00e9clat-fra\u00eecheur certifi\u00e9 biologique<\/h3>\n<p>This express treatment with a fresh scent awakens the skin and gives it instant radiance.<br \/>\nThe alliance of sensoriality and efficiency in the new Sothys Organics\u00ae organic certified facial treatment.<\/p>\n<ul>\n<li>Soin \u00e9clat-fra\u00eecheur certifi\u00e9 biologique <strong>(30 min) 60\u20ac<\/strong><\/li>\n<\/ul>\n<p>[\/vc_column_text][vc_column_text]<\/p>\n<h2>M\u00e9so Care Hikari<\/h2>\n<p>Effective non-invasive treatment to treat skin signs and improve skin texture and tone. The care is carried out with an electric pen equipped with spikes that allow the penetration of assets targeted to the needs.<\/p>\n<p>Laxity, dull and\/or dehydrated complexion, wrinkles, fine lines, stretch marks, cellulites, etc.<\/p>\n<p>Our products are the result of the latest scientific advances &#8211; The HIKARI Laboratory has won 2 Nobel Prizes for the discovery of active molecules against aging.<\/p>\n<ul>\n<li>1 s\u00e9ance Microneedling cou ou d\u00e9collet\u00e9 <strong>90\u20ac<\/strong><\/li>\n<li>5 s\u00e9ances Microneedling cou ou d\u00e9collet\u00e9 <strong>360 \u20ac<\/strong><\/li>\n<li>1 s\u00e9ance Microneedling cou et d\u00e9collet\u00e9 <strong>150 \u20ac<\/strong><\/li>\n<li>5 s\u00e9ances Microneedling cou et d\u00e9collet\u00e9 <strong>600 \u20ac<\/strong><\/li>\n<li>1 s\u00e9ance Microneedling visage entier<strong> 150 \u20ac<\/strong><\/li>\n<li>5 s\u00e9ances Microneedling visage entier<strong> 600 \u20ac<\/strong><\/li>\n<li>1 s\u00e9ance Microneedling visage entier + LED<strong> 180 \u20ac<\/strong><\/li>\n<li>5 s\u00e9ances Microneedling visage entier + LED<strong> 720 \u20ac<\/strong><\/li>\n<li>1 s\u00e9ance Microneedling visage &amp; cou <strong>200 \u20ac<\/strong><\/li>\n<li>5 s\u00e9ances Microneedling visage &amp; cou<strong> 800 \u20ac<\/strong><\/li>\n<li>1 s\u00e9ance Microneedling visage &amp; cou + LED <strong>230 \u20ac<\/strong><\/li>\n<li>5 s\u00e9ances Microneedling visage &amp; cou + LED <strong>920 \u20ac<\/strong><\/li>\n<li>Peeling seul <strong>80 \u20ac<\/strong><\/li>\n<li>LED seul <strong>30 \u20ac<\/strong><\/li>\n<\/ul>\n<p>Traitement non invasif performant pour traiter la perte de cheveaux due \u00e0 l\u2019alop\u00e9cie \u00e9ryth\u00e9mateuse, au stress, \u00e0 une mauvaise nutrition, \u00e0 la naissance et \u00e0 la naissance m\u00e9canique ou chimique. En outre, le cocktail est utilit\u00e9 pour\u00a0 am\u00e9liorer l\u2019apparence g\u00e9n\u00e9rale des cheveau et conf\u00e9rer volume et brillance.<\/p>\n<p>Le soin est effectu\u00e9 avec un stylo \u00e9lectrique muni de picots qui permettent la p\u00e9n\u00e9tration d\u2019actifs cibl\u00e9s aux besoins.<\/p>\n<ul>\n<li>1 s\u00e9ance Microneedling capillaire <strong>80 \u20ac<\/strong><\/li>\n<li>5 s\u00e9ances Microneedling capillaire <strong>30 \u20ac<\/strong><\/li>\n<\/ul>\n<p>[\/vc_column_text][vc_column_text]<\/p>\n<h2>Le Plasma Pen18-Lift<\/h2>\n<p>The plasma pen is the device used during the care of PLASMA 18-LIFT the new generation. The aim of the plasma lift is to create tiny heat points the size of a pinhead at the level of the epidermis.<\/p>\n<p>This causes retraction when the skin is healed. The higher the number of points the greater the retraction. Post-cicatricial retraction naturally puts the skin back into tension, hence the name of \u201cplasma lift\u201d.<\/p>\n<p>Initially created to correct the moderate relaxation of the upper eyelids, this technique offers other indications: Mini non-invasive eyelid lift , Sun pleated around the mouth, Crow\u2019s feet or periorbital wrinkles.<\/p>\n<p>Mini-lifting by correcting the folds of bitterness, the folds near the ears, etc, Periumbilical relaxation after pregnancy. Pleated Neckline, Reduced Stretch Mark Size and Hypotrophic Acne Scars.<\/p>\n<ul>\n<li>Lift ride du lion<strong> (30 min) 150 \u20ac<\/strong><\/li>\n<li>Lift pattes d\u2019oie <strong>(30 min) 180 \u20ac<\/strong><\/li>\n<li>Lift des paupi\u00e8res sup\u00e9rieures ou inf\u00e9rieures <strong>(50 min) 200 \u20ac<\/strong><\/li>\n<li>Lift rides p\u00e9ribuccales <strong>(30 min) 250 \u20ac<\/strong><\/li>\n<li>Lift rides nasog\u00e9niens<strong> (20 min) 250 \u20ac<\/strong><\/li>\n<li>Lift rides du front<strong> (30 min) 250 \u20ac<\/strong><\/li>\n<li>Lift de l\u2019ovale du visage <strong>(50 min) 290 \u20ac<\/strong><\/li>\n<li>Lift du cou <strong>(60 min) 300 \u20ac<\/strong><\/li>\n<li>Lift des paupi\u00e8res sup\u00e9rieures et inf\u00e9rieures + pattes d\u2019oie <strong>(90 min) 500 \u20ac<\/strong><\/li>\n<\/ul>\n<p><strong>Second traitement pas obligatoire :<\/strong><\/p>\n<ul>\n<li>Lift des paupi\u00e8res sup\u00e9rieures ou inf\u00e9rieures<strong> (50 min) 150 \u20ac<\/strong><\/li>\n<li>Lift rides p\u00e9ribuccales <strong>(30 min) 200 \u20ac<\/strong><\/li>\n<li>Lift de l\u2019ovale du visage <strong>(50 min) 250 \u20ac<\/strong><\/li>\n<li>Lift des paupi\u00e8res sup\u00e9rieures et inf\u00e9rieures + pattes d\u2019oie <strong>(90 min) 450 \u20ac<\/strong><\/li>\n<\/ul>\n<p>[\/vc_column_text][vc_column_text css=&#8221;&#8221;]<\/p>\n<h2>Hydra-Beauty<\/h2>\n<p>Hydra-Beauty is a technique the Celestetic. This treatment acts on the cellular renewal of the skin. Thus the skin is regenerated, wrinkles are erased, redness and spots are reduced. Hydra-Beauty is the trendy care to cleanse, exfoliate and extract impurities from the face, is an ultra moisturizing and anti acne treatment! This treatment visibly improves the quality of the skin in general. Throughout the sessions, you find a cleaner and brighter skin. Your pores are clarified and tightened, your skin is moisturized and nourished in depth, your complexion is even and its freshness revived, Hydra-Beauty serums protect against free radicals that age the skin and is practiced on all skin types.<\/p>\n<ul>\n<li>Soin Purifiant Hydra-Beauty<strong>\u00a0(50 min) 130 \u20ac<\/strong><\/li>\n<li>Forfait 6 s\u00e9ances\u00a0 \u00a0 \u00a0 \u00a0 \u00a0 \u00a0 \u00a0 \u00a0 \u00a0 \u00a0 \u00a0 \u00a0 \u00a0 \u00a0 \u00a0 \u00a0 \u00a0 \u00a0 \u00a0<strong>\u00a0700 \u20ac<\/strong><\/li>\n<\/ul>\n<ul>\n<li>Soin Anti-\u00e2ge Hydra-Beauty <strong>(50 min) 130 \u20ac<\/strong><\/li>\n<li>Forfait 6 s\u00e9ances\u00a0 \u00a0 \u00a0 \u00a0 \u00a0 \u00a0 \u00a0 \u00a0 \u00a0 \u00a0 \u00a0 \u00a0 \u00a0 \u00a0 \u00a0 \u00a0 \u00a0 \u00a0<strong>\u00a0700 \u20ac<\/strong><\/li>\n<\/ul>\n<ul>\n<li>Soin Peeling \u00e9clat Hydra-beauty<strong>\u00a0(75 min) 190 \u20ac<\/strong><\/li>\n<li>Forfait 6 s\u00e9ances\u00a0 \u00a0 \u00a0 \u00a0 \u00a0 \u00a0 \u00a0 \u00a0 \u00a0 \u00a0 \u00a0 \u00a0 \u00a0 \u00a0 \u00a0 \u00a0 \u00a0 \u00a0 \u00a0 \u00a0 <strong>\u00a01000 \u20ac<\/strong><\/li>\n<\/ul>\n<ul>\n<li>Soin Peeling Hyperpigmentation Hydra-beauty <strong>(75 min) 190 \u20ac<\/strong><\/li>\n<li>Forfait 6 s\u00e9ances\u00a0 \u00a0 \u00a0 \u00a0 \u00a0 \u00a0 \u00a0 \u00a0 \u00a0 \u00a0 \u00a0 \u00a0 \u00a0 \u00a0 \u00a0 \u00a0 \u00a0 \u00a0 \u00a0 \u00a0 \u00a0 \u00a0 \u00a0 \u00a0 \u00a0 \u00a0 \u00a0 \u00a0 \u00a0 \u00a0 \u00a0 \u00a0 \u00a0 \u00a0<strong>\u00a01000 \u20ac<\/strong><\/li>\n<\/ul>\n<p>[\/vc_column_text][vc_column_text]<\/p>\n<h2>HIFU face lift areas<\/h2>\n<p>Use of HIFU for facial, neck and d\u00e9collet\u00e9 firming. HIFU stands for High Intensity Focalised Ultrasounds. This technique concentrates ultrasound energy in the dermis (the deepest part of the skin), without damaging the epidermis (the most superficial layer of the skin). It is therefore a non-invasive aesthetic technique that leaves no trace or scar on the skin. HIFU is ideal for people (men or women) who are looking to firm and \u201ctighten\u201d the skin, especially around the jowls, neck and chin. HIFU It is also useful for wrinkles, eye contour and eyebrow enhancement. HIFU is especially recom- mended, as part of a facial treatment, for people over 30 years of age who notice a relaxation of the skin, wrinkles, sagging of the cheeks and who want to redefine the oval of the face and make the appearance of their skin more toned.<\/p>\n<ul>\n<li>HIFU Lift des paupi\u00e8res sup\u00e9rieures et front <strong>(45 min) 290\u20ac<\/strong><\/li>\n<li>HIFU Lift cou <strong>(30 min) 200\u20ac<\/strong><\/li>\n<li>HIFU Lift menton <strong>(30 min) 200\u20ac<\/strong><\/li>\n<li>HIFU Lift cou complet et menton <strong>(60 min) 390\u20ac<\/strong><\/li>\n<li>HIFU Lift bas du visage joue et menton <strong>(60 min) 390\u20ac<\/strong><\/li>\n<li>HIFU Lift bas du visage menton et cou <strong>(90 min) 530\u20ac<\/strong><\/li>\n<li>HIFU Lift bas du visage menton, cou, paupi\u00e8res sup\u00e9rieures et front <strong>(120 min) 750\u20ac<\/strong><\/li>\n<\/ul>\n<p>[\/vc_column_text][vc_column_text]<\/p>\n<h2>Le Hyaluron Pen<\/h2>\n<p>This new technique is used to increase the volume of the lips, eliminate wrinkles and restore the tone of the cheeks.<\/p>\n<p>This treatment can be complementary to MICRONEEDLING. The injection is based on the barophoresis principle: a specific device propels active substances, including Hyaluronic Acid at very high speed. This is done with a pen called Hyaluron Pen.<\/p>\n<p>The penetration of care products is done thanks to the high pressure of hyaluronic acid and air. The product is much better absorbed and distributed under the skin than with a conventional syringe injection.<\/p>\n<ul>\n<li>Rides du menton <strong>70 \u20ac<\/strong><\/li>\n<li>Rides p\u00e9ribuccales <strong>70 \u20ac<\/strong><\/li>\n<li>Rides codes barres<strong> 125 \u20ac<\/strong><\/li>\n<li>Ride du lion <strong>100 \u20ac<\/strong><\/li>\n<li>Rides nasog\u00e9niens <strong>150 \u20ac<\/strong><\/li>\n<li>Bouche fine l\u00e8vre sup\u00e9rieure <strong>90 \u20ac<\/strong><\/li>\n<li>Bouche fine l\u00e8vre inf\u00e9rieure <strong>90 \u20ac<\/strong><\/li>\n<li>Bouche charnue l\u00e8vre sup\u00e9rieure <strong>150 \u20ac<\/strong><\/li>\n<li>Bouche charnue l\u00e8vre inf\u00e9rieure <strong>\u00a0150 \u20ac<\/strong><\/li>\n<\/ul>\n<p>[\/vc_column_text][vc_column_text css=&#8221;&#8221;]<\/p>\n<h2>Facial treatments<\/h2>\n<h3>Facial Radiofrequency<\/h3>\n<p>Radio frequency is a technique based on the emission of electromagnetic waves at high frequency passing through the skin and producing heat in the subcutaneous tissues. It makes it possible to tighten loose skin while slowing down skin aging. This heat in the hypodermis will cause retraction of existing collagen fibres as well as a new collagen production that will improve the firmness and tone of the skin. This heat induces shrinkage and collagen production that improves firmness and skin tension. It requires several sessions to achieve an optimal result.<\/p>\n<ul>\n<li>1 session<strong> 150\u20ac<\/strong><\/li>\n<li>6 sessions <strong>750 \u20ac<\/strong><\/li>\n<\/ul>\n<h3>Photorejuvenation collagen face &amp; neck<\/h3>\n<p>Pulsed light offers skin rejuvenation benefit. Indeed, by acting on melanin, oxyhemoglobin and intracellular water, this technique helps to even out the complexion, treat imperfections and reduce brown spots due to sun and premature aging of the skin. Stimulated by heat, the collagen and elastin fibers provide texture enhancement and visible firming of the water from the first session<\/p>\n<ul>\n<li>1 session<strong> 120\u20ac<\/strong><\/li>\n<li>6 sessions <strong>600 \u20ac<\/strong><\/li>\n<\/ul>\n<h3>Led mask<\/h3>\n<p>The anti-aging Mask led combines the effectiveness rich in polynucleotides with the biostimulation of Led light to reduce skin aging.<\/p>\n<ul>\n<li>1 Session <strong>120\u20ac<\/strong><\/li>\n<li>6 sessions <strong>600 \u20ac<\/strong><\/li>\n<\/ul>\n<p>[\/vc_column_text][vc_column_text]<\/p>\n<h2>Professional speci\ufb01c care &#8211; 50mn 75\u20ac<\/h2>\n<h3>Fundamental care<\/h3>\n<p>Adapted to the needs of the skin according to its typology, this fundamental care is a care to maintain a beautiful skin<\/p>\n<h3>Corrective care<\/h3>\n<p>Concentrated in powerful assets, a 4-step treatment to \ufb01nd a clear skin and cleared of imperfections.<\/p>\n<h3>Eye care<\/h3>\n<p>Specifically designed for the eye contour, it helps to fade the signs of fatigue and aging<\/p>\n<h3>Soothing care<\/h3>\n<p>Discover the ultra-soft textures of the soothing professional treatment with SPA TM thermal water and find comfort and serenity after only one treatment<\/p>\n<h3>Facial care for men<\/h3>\n<p>A man-speci\ufb01c detoxifying facial to \ufb01nd a luminous and radiant skin.[\/vc_column_text][vc_column_text css=&#8221;.vc_custom_1747128341058{border-top-width: 1px !important;padding-top: 25px !important;border-top-style: solid !important;border-color: #f4f4f4 !important;}&#8221;]<\/p>\n<h2>Intensive treatments &#8211; 1h15 109\u20ac<\/h2>\n<h3>Glow defense intensive treatment<\/h3>\n<p>Indulge in an Intensive Treatment and discover the full range of sensory expertise thanks to the Digi-Esth\u00e9tique\u00ae technique and Sothys efficiency in a single treatment.<\/p>\n<p>A 1h15 dual-impact relaxing spa treatment to visibly undo damage caused by daily aggressions: instant effect from the first treatment \/ action on the skin\u2019s general.<\/p>\n<p>Your complexion is instantly and lastingly more radiant and glowing with beauty.<br \/>\nEfficiency<\/p>\n<h3>Hydrating Intensive treatment<\/h3>\n<p>The absolute hydration response in 6 steps to quench, moisturize and plump the skin, giving it a new youthfulness. This high-performance treatment combines 4 sources of hyaluronic acid with 2 patented Sothys active ingredients from Sothys Advanced Research. This intensive treatment is recommended in 3 treatments.<\/p>\n<h3>Youth Intensive treatment<\/h3>\n<p>Through 5 stages and no less than 8 specifics formulas, live the youthful efficiency of Sothys combined with 1h15 of relaxation and expert support for a visibly younger skin[\/vc_column_text][vc_column_text css=&#8221;.vc_custom_1727961455902{border-top-width: 1px !important;padding-top: 25px !important;border-top-style: solid !important;border-color: #f4f4f4 !important;}&#8221;]<\/p>\n<h2>Intensive treatments &#8211; 1h15 120\u20ac<\/h2>\n<h3>Illuminating professional treatment<\/h3>\n<p>Radiance beauty routine to target and treat all types of dark spots.<\/p>\n<p>At the heart of this routine lies organic White nettle extract (Patent pending France no. 2302520), inspired by the Jardins Sothys\u2122 and derived from Sothys Advanced research. This 6-step treatment provides a triple solution: dark spots, hydration and an even complexion.[\/vc_column_text][vc_column_text css=&#8221;.vc_custom_1747128370037{border-top-width: 1px !important;padding-top: 25px !important;border-top-style: solid !important;border-color: #f4f4f4 !important;}&#8221;]<\/p>\n<h2>Excellence care<\/h2>\n<h2>Cosmeceutical professional care &#8211; 1h30 150\u20ac<\/h2>\n<p>Soin Glysalac pro peel + traitement intensif Hydra 3Ha Hyaluronic Acid. A professional cosmeceutical intensive care cleanser and moisturizer. For visibly regenerated and plumped skin. This treatment refines the texture of the skin, provides immediate radiance, smoothes the skin and reveals a clear and even complexion.[\/vc_column_text][vc_column_text css=&#8221;.vc_custom_1747128400233{border-top-width: 1px !important;padding-top: 25px !important;border-top-style: solid !important;border-color: #f4f4f4 !important;}&#8221;]<\/p>\n<h2>Secret care excellence sothys &#8211; 1h30 190\u20ac<\/h2>\n<p>The Secrets ritual of Sothys \u00ae combines with elegance and refinement the ingredients of a unique treatment par excellence, a parenthesis of unforgettable well-being. 11 unique galenics concentrated in active ingredients for 11 facial skincare stages, both sensory and effective.[\/vc_column_text][\/vc_column][\/vc_row]<\/p>\n<\/div>","protected":false},"excerpt":{"rendered":"<p>&#8230;<\/p>\n","protected":false},"author":1,"featured_media":0,"parent":0,"menu_order":0,"comment_status":"closed","ping_status":"closed","template":"","meta":{"footnotes":""},"class_list":["post-24050","page","type-page","status-publish","hentry"],"yoast_head":"<!-- This site is optimized with the Yoast SEO plugin v25.9 - https:\/\/yoast.com\/wordpress\/plugins\/seo\/ -->\n<title>Facial care - Salvana SPA<\/title>\n<meta name=\"robots\" content=\"index, follow, max-snippet:-1, max-image-preview:large, max-video-preview:-1\" \/>\n<link rel=\"canonical\" href=\"https:\/\/www.salvana-spa.fr\/en\/les-soins-visage\/\" \/>\n<meta property=\"og:locale\" content=\"en_US\" \/>\n<meta property=\"og:type\" content=\"article\" \/>\n<meta property=\"og:title\" content=\"Facial care - Salvana SPA\" \/>\n<meta property=\"og:description\" content=\"...\" \/>\n<meta property=\"og:url\" content=\"https:\/\/www.salvana-spa.fr\/en\/les-soins-visage\/\" \/>\n<meta property=\"og:site_name\" content=\"Salvana SPA\" \/>\n<meta property=\"article:modified_time\" content=\"2025-05-13T09:27:22+00:00\" \/>\n<meta name=\"twitter:card\" content=\"summary_large_image\" \/>\n<meta name=\"twitter:label1\" content=\"Est. reading time\" \/>\n\t<meta name=\"twitter:data1\" content=\"10 minutes\" \/>\n<script type=\"application\/ld+json\" class=\"yoast-schema-graph\">{\"@context\":\"https:\/\/schema.org\",\"@graph\":[{\"@type\":\"WebPage\",\"@id\":\"https:\/\/www.salvana-spa.fr\/en\/les-soins-visage\/\",\"url\":\"https:\/\/www.salvana-spa.fr\/en\/les-soins-visage\/\",\"name\":\"Facial care - Salvana SPA\",\"isPartOf\":{\"@id\":\"https:\/\/www.salvana-spa.fr\/en\/#website\"},\"datePublished\":\"2019-01-18T12:40:42+00:00\",\"dateModified\":\"2025-05-13T09:27:22+00:00\",\"breadcrumb\":{\"@id\":\"https:\/\/www.salvana-spa.fr\/en\/les-soins-visage\/#breadcrumb\"},\"inLanguage\":\"en-US\",\"potentialAction\":[{\"@type\":\"ReadAction\",\"target\":[\"https:\/\/www.salvana-spa.fr\/en\/les-soins-visage\/\"]}]},{\"@type\":\"BreadcrumbList\",\"@id\":\"https:\/\/www.salvana-spa.fr\/en\/les-soins-visage\/#breadcrumb\",\"itemListElement\":[{\"@type\":\"ListItem\",\"position\":1,\"name\":\"Accueil\",\"item\":\"https:\/\/www.salvana-spa.fr\/en\/\"},{\"@type\":\"ListItem\",\"position\":2,\"name\":\"Facial care\"}]},{\"@type\":\"WebSite\",\"@id\":\"https:\/\/www.salvana-spa.fr\/en\/#website\",\"url\":\"https:\/\/www.salvana-spa.fr\/en\/\",\"name\":\"Salvana SPA\",\"description\":\"\",\"publisher\":{\"@id\":\"https:\/\/www.salvana-spa.fr\/en\/#organization\"},\"potentialAction\":[{\"@type\":\"SearchAction\",\"target\":{\"@type\":\"EntryPoint\",\"urlTemplate\":\"https:\/\/www.salvana-spa.fr\/en\/?s={search_term_string}\"},\"query-input\":{\"@type\":\"PropertyValueSpecification\",\"valueRequired\":true,\"valueName\":\"search_term_string\"}}],\"inLanguage\":\"en-US\"},{\"@type\":\"Organization\",\"@id\":\"https:\/\/www.salvana-spa.fr\/en\/#organization\",\"name\":\"SALVANA SPA\",\"url\":\"https:\/\/www.salvana-spa.fr\/en\/\",\"logo\":{\"@type\":\"ImageObject\",\"inLanguage\":\"en-US\",\"@id\":\"https:\/\/www.salvana-spa.fr\/en\/#\/schema\/logo\/image\/\",\"url\":\"https:\/\/www.salvana-spa.fr\/wp-content\/uploads\/2018\/10\/LOGO.png\",\"contentUrl\":\"https:\/\/www.salvana-spa.fr\/wp-content\/uploads\/2018\/10\/LOGO.png\",\"width\":1418,\"height\":685,\"caption\":\"SALVANA SPA\"},\"image\":{\"@id\":\"https:\/\/www.salvana-spa.fr\/en\/#\/schema\/logo\/image\/\"}}]}<\/script>\n<!-- \/ Yoast SEO plugin. -->","yoast_head_json":{"title":"Facial care - Salvana SPA","robots":{"index":"index","follow":"follow","max-snippet":"max-snippet:-1","max-image-preview":"max-image-preview:large","max-video-preview":"max-video-preview:-1"},"canonical":"https:\/\/www.salvana-spa.fr\/en\/les-soins-visage\/","og_locale":"en_US","og_type":"article","og_title":"Facial care - Salvana SPA","og_description":"...","og_url":"https:\/\/www.salvana-spa.fr\/en\/les-soins-visage\/","og_site_name":"Salvana SPA","article_modified_time":"2025-05-13T09:27:22+00:00","twitter_card":"summary_large_image","twitter_misc":{"Est. reading time":"10 minutes"},"schema":{"@context":"https:\/\/schema.org","@graph":[{"@type":"WebPage","@id":"https:\/\/www.salvana-spa.fr\/en\/les-soins-visage\/","url":"https:\/\/www.salvana-spa.fr\/en\/les-soins-visage\/","name":"Facial care - Salvana SPA","isPartOf":{"@id":"https:\/\/www.salvana-spa.fr\/en\/#website"},"datePublished":"2019-01-18T12:40:42+00:00","dateModified":"2025-05-13T09:27:22+00:00","breadcrumb":{"@id":"https:\/\/www.salvana-spa.fr\/en\/les-soins-visage\/#breadcrumb"},"inLanguage":"en-US","potentialAction":[{"@type":"ReadAction","target":["https:\/\/www.salvana-spa.fr\/en\/les-soins-visage\/"]}]},{"@type":"BreadcrumbList","@id":"https:\/\/www.salvana-spa.fr\/en\/les-soins-visage\/#breadcrumb","itemListElement":[{"@type":"ListItem","position":1,"name":"Accueil","item":"https:\/\/www.salvana-spa.fr\/en\/"},{"@type":"ListItem","position":2,"name":"Facial care"}]},{"@type":"WebSite","@id":"https:\/\/www.salvana-spa.fr\/en\/#website","url":"https:\/\/www.salvana-spa.fr\/en\/","name":"Salvana SPA","description":"","publisher":{"@id":"https:\/\/www.salvana-spa.fr\/en\/#organization"},"potentialAction":[{"@type":"SearchAction","target":{"@type":"EntryPoint","urlTemplate":"https:\/\/www.salvana-spa.fr\/en\/?s={search_term_string}"},"query-input":{"@type":"PropertyValueSpecification","valueRequired":true,"valueName":"search_term_string"}}],"inLanguage":"en-US"},{"@type":"Organization","@id":"https:\/\/www.salvana-spa.fr\/en\/#organization","name":"SALVANA SPA","url":"https:\/\/www.salvana-spa.fr\/en\/","logo":{"@type":"ImageObject","inLanguage":"en-US","@id":"https:\/\/www.salvana-spa.fr\/en\/#\/schema\/logo\/image\/","url":"https:\/\/www.salvana-spa.fr\/wp-content\/uploads\/2018\/10\/LOGO.png","contentUrl":"https:\/\/www.salvana-spa.fr\/wp-content\/uploads\/2018\/10\/LOGO.png","width":1418,"height":685,"caption":"SALVANA SPA"},"image":{"@id":"https:\/\/www.salvana-spa.fr\/en\/#\/schema\/logo\/image\/"}}]}},"_links":{"self":[{"href":"https:\/\/www.salvana-spa.fr\/en\/wp-json\/wp\/v2\/pages\/24050","targetHints":{"allow":["GET"]}}],"collection":[{"href":"https:\/\/www.salvana-spa.fr\/en\/wp-json\/wp\/v2\/pages"}],"about":[{"href":"https:\/\/www.salvana-spa.fr\/en\/wp-json\/wp\/v2\/types\/page"}],"author":[{"embeddable":true,"href":"https:\/\/www.salvana-spa.fr\/en\/wp-json\/wp\/v2\/users\/1"}],"replies":[{"embeddable":true,"href":"https:\/\/www.salvana-spa.fr\/en\/wp-json\/wp\/v2\/comments?post=24050"}],"version-history":[{"count":20,"href":"https:\/\/www.salvana-spa.fr\/en\/wp-json\/wp\/v2\/pages\/24050\/revisions"}],"predecessor-version":[{"id":24425,"href":"https:\/\/www.salvana-spa.fr\/en\/wp-json\/wp\/v2\/pages\/24050\/revisions\/24425"}],"wp:attachment":[{"href":"https:\/\/www.salvana-spa.fr\/en\/wp-json\/wp\/v2\/media?parent=24050"}],"curies":[{"name":"wp","href":"https:\/\/api.w.org\/{rel}","templated":true}]}}