{"id":24058,"date":"2019-01-18T13:48:13","date_gmt":"2019-01-18T12:48:13","guid":{"rendered":"https:\/\/www.salvana-spa.fr\/les-epilations-hommes-femmes\/"},"modified":"2023-12-23T14:57:11","modified_gmt":"2023-12-23T13:57:11","slug":"les-epilations-hommes-femmes","status":"publish","type":"page","link":"https:\/\/www.salvana-spa.fr\/en\/les-epilations-hommes-femmes\/","title":{"rendered":"Hair removal"},"content":{"rendered":"<div class=\"wpb-content-wrapper\"><p>[vc_row][vc_column][vc_message message_box_style=&#8221;solid&#8221; style=&#8221;square&#8221; message_box_color=&#8221;chino&#8221;]The photodepilation is a durable hair removal technique. With Stella, the photodepilation is safe, very fast and almost painless for a flawless result.[\/vc_message][\/vc_column][\/vc_row][vc_row][vc_column width=&#8221;1\/2&#8243;][vc_column_text]<\/p>\n<h2>Photodepilation &#8211; Women<\/h2>\n<ul>\n<li><em>Care prices<\/em><strong> 1 session \/ 6 sessions\u00a0<\/strong><\/li>\n<li>Lip <strong>60\u20ac \/\u00a0 300 \u20ac<\/strong><\/li>\n<li>Under-harms <strong>80\u20ac \/ 400 \u20ac<\/strong><\/li>\n<li>Legs <strong>400\u20ac \/ 2000 \u20ac<\/strong><\/li>\n<li>Half-legs<strong> 250\u20ac \/ 1250 \u20ac<\/strong><\/li>\n<li>Harms <strong>150\u20ac \/ 750 \u20ac<\/strong><\/li>\n<li>Half-harms <strong>130\u20ac \/ 650 \u20ac<\/strong><\/li>\n<li>Regular bikini <strong>80\u20ac \/ 400 \u20ac<\/strong><\/li>\n<li>Brezilian bikini <strong>150\u20ac \/ 750 \u20ac\u00a0<\/strong><\/li>\n<li>Full bikini <strong>180\u20ac \/ 900 \u20ac<\/strong><\/li>\n<\/ul>\n<p>[\/vc_column_text][\/vc_column][vc_column width=&#8221;1\/2&#8243;][vc_column_text]<\/p>\n<h2>Photodepilation &#8211; Men<\/h2>\n<ul>\n<li><em>Care prices<\/em> <strong>1 session \/ 6 sessions<\/strong><\/li>\n<li>Ears <strong>60\u20ac \/ 300\u20ac<\/strong><\/li>\n<li>Under-arms <strong>95\u20ac \/ 475\u20ac<\/strong><\/li>\n<li>Half-arms<strong> 150\u20ac \/ 750\u20ac<\/strong><\/li>\n<li>Shirt collar <strong>90\u20ac \/ 450\u20ac<\/strong><\/li>\n<li>Hands<strong> 95\u20ac \/ 475\u20ac<\/strong><\/li>\n<li>Feet <strong>95\u20ac \/ 475\u20ac<\/strong><\/li>\n<li>Shoulders <strong>140\u20ac \/ 700\u20ac<\/strong><\/li>\n<li>Rumps <strong>180\u20ac \/ 900\u20ac<\/strong><\/li>\n<li>Trunk <strong>250\u20ac \/ 1250\u20ac<\/strong><\/li>\n<li>Back <strong>250\u20ac \/ 1250\u20ac<\/strong><\/li>\n<\/ul>\n<p>[\/vc_column_text][\/vc_column][\/vc_row][vc_row][vc_column width=&#8221;1\/2&#8243;][vc_column_text]<\/p>\n<h2>Hair removal wax &#8211; Women<\/h2>\n<ul>\n<li>Lip or chin <strong>12\u20ac<\/strong><\/li>\n<li>Eyebrows <strong>15\u20ac<\/strong><\/li>\n<li>Under-arms <strong>16\u20ac<\/strong><\/li>\n<li>Rump <strong>17\u20ac<\/strong><\/li>\n<li>Legs <strong>40\u20ac<\/strong><\/li>\n<li>Half-legs <strong>25\u20ac<\/strong><\/li>\n<li>Arms <strong>25\u20ac<\/strong><\/li>\n<li>Half-arm <strong>17\u20ac<\/strong><\/li>\n<li>Regular bikini <strong>22\u20ac<\/strong><\/li>\n<li>Brezilian bikini <strong>35\u20ac<\/strong><\/li>\n<li>Full bikini <strong>46\u20ac<\/strong><\/li>\n<\/ul>\n<p>[\/vc_column_text][\/vc_column][vc_column width=&#8221;1\/2&#8243;][vc_column_text]<\/p>\n<h2>Hair removal wax &#8211; Men<\/h2>\n<ul>\n<li>Ears or nose <strong>12\u20ac<\/strong><\/li>\n<li>Eyebrows <strong>17\u20ac<\/strong><\/li>\n<li>Under-arms <strong>20\u20ac<\/strong><\/li>\n<li>Half-arm<strong> 20\u20ac<\/strong><\/li>\n<li>Hands <strong>20\u20ac<\/strong><\/li>\n<li>Arms<strong> 30\u20ac<\/strong><\/li>\n<li>Shoulders <strong>30\u20ac<\/strong><\/li>\n<li>Rumps <strong>30\u20ac<\/strong><\/li>\n<li>Trunk <strong>45\u20ac<\/strong><\/li>\n<li>Legs <strong>49\u20ac<\/strong><\/li>\n<li>Back<strong> 49\u20ac<\/strong><\/li>\n<li>Full bikini <strong>62\u20ac<\/strong><\/li>\n<\/ul>\n<p>[\/vc_column_text][\/vc_column][\/vc_row]<\/p>\n<\/div>","protected":false},"excerpt":{"rendered":"<p>&#8230;<\/p>\n","protected":false},"author":1,"featured_media":0,"parent":0,"menu_order":0,"comment_status":"closed","ping_status":"closed","template":"","meta":{"footnotes":""},"class_list":["post-24058","page","type-page","status-publish","hentry"],"yoast_head":"<!-- This site is optimized with the Yoast SEO plugin v25.9 - https:\/\/yoast.com\/wordpress\/plugins\/seo\/ -->\n<title>Hair removal - Institut de beaut\u00e9 Salvana SPA<\/title>\n<meta name=\"description\" content=\"Photod\u00e9pilation et \u00e9pilation \u00e0 Nice pour homme et femme r\u00e9alis\u00e9es en institut par des esth\u00e9ticiennes d\u00eeplom\u00e9es. Pour une peau nette et douce garantie !\" \/>\n<meta name=\"robots\" content=\"index, follow, max-snippet:-1, max-image-preview:large, max-video-preview:-1\" \/>\n<link rel=\"canonical\" href=\"https:\/\/www.salvana-spa.fr\/en\/les-epilations-hommes-femmes\/\" \/>\n<meta property=\"og:locale\" content=\"en_US\" \/>\n<meta property=\"og:type\" content=\"article\" \/>\n<meta property=\"og:title\" content=\"Hair removal - Institut de beaut\u00e9 Salvana SPA\" \/>\n<meta property=\"og:description\" content=\"Photod\u00e9pilation et \u00e9pilation \u00e0 Nice pour homme et femme r\u00e9alis\u00e9es en institut par des esth\u00e9ticiennes d\u00eeplom\u00e9es. Pour une peau nette et douce garantie !\" \/>\n<meta property=\"og:url\" content=\"https:\/\/www.salvana-spa.fr\/en\/les-epilations-hommes-femmes\/\" \/>\n<meta property=\"og:site_name\" content=\"Salvana SPA\" \/>\n<meta property=\"article:modified_time\" content=\"2023-12-23T13:57:11+00:00\" \/>\n<meta name=\"twitter:card\" content=\"summary_large_image\" \/>\n<meta name=\"twitter:label1\" content=\"Est. reading time\" \/>\n\t<meta name=\"twitter:data1\" content=\"2 minutes\" \/>\n<script type=\"application\/ld+json\" class=\"yoast-schema-graph\">{\"@context\":\"https:\/\/schema.org\",\"@graph\":[{\"@type\":\"WebPage\",\"@id\":\"https:\/\/www.salvana-spa.fr\/en\/les-epilations-hommes-femmes\/\",\"url\":\"https:\/\/www.salvana-spa.fr\/en\/les-epilations-hommes-femmes\/\",\"name\":\"Hair removal - Institut de beaut\u00e9 Salvana SPA\",\"isPartOf\":{\"@id\":\"https:\/\/www.salvana-spa.fr\/en\/#website\"},\"datePublished\":\"2019-01-18T12:48:13+00:00\",\"dateModified\":\"2023-12-23T13:57:11+00:00\",\"description\":\"Photod\u00e9pilation et \u00e9pilation \u00e0 Nice pour homme et femme r\u00e9alis\u00e9es en institut par des esth\u00e9ticiennes d\u00eeplom\u00e9es. Pour une peau nette et douce garantie !\",\"breadcrumb\":{\"@id\":\"https:\/\/www.salvana-spa.fr\/en\/les-epilations-hommes-femmes\/#breadcrumb\"},\"inLanguage\":\"en-US\",\"potentialAction\":[{\"@type\":\"ReadAction\",\"target\":[\"https:\/\/www.salvana-spa.fr\/en\/les-epilations-hommes-femmes\/\"]}]},{\"@type\":\"BreadcrumbList\",\"@id\":\"https:\/\/www.salvana-spa.fr\/en\/les-epilations-hommes-femmes\/#breadcrumb\",\"itemListElement\":[{\"@type\":\"ListItem\",\"position\":1,\"name\":\"Accueil\",\"item\":\"https:\/\/www.salvana-spa.fr\/en\/\"},{\"@type\":\"ListItem\",\"position\":2,\"name\":\"Hair removal\"}]},{\"@type\":\"WebSite\",\"@id\":\"https:\/\/www.salvana-spa.fr\/en\/#website\",\"url\":\"https:\/\/www.salvana-spa.fr\/en\/\",\"name\":\"Salvana SPA\",\"description\":\"\",\"publisher\":{\"@id\":\"https:\/\/www.salvana-spa.fr\/en\/#organization\"},\"potentialAction\":[{\"@type\":\"SearchAction\",\"target\":{\"@type\":\"EntryPoint\",\"urlTemplate\":\"https:\/\/www.salvana-spa.fr\/en\/?s={search_term_string}\"},\"query-input\":{\"@type\":\"PropertyValueSpecification\",\"valueRequired\":true,\"valueName\":\"search_term_string\"}}],\"inLanguage\":\"en-US\"},{\"@type\":\"Organization\",\"@id\":\"https:\/\/www.salvana-spa.fr\/en\/#organization\",\"name\":\"SALVANA SPA\",\"url\":\"https:\/\/www.salvana-spa.fr\/en\/\",\"logo\":{\"@type\":\"ImageObject\",\"inLanguage\":\"en-US\",\"@id\":\"https:\/\/www.salvana-spa.fr\/en\/#\/schema\/logo\/image\/\",\"url\":\"https:\/\/www.salvana-spa.fr\/wp-content\/uploads\/2018\/10\/LOGO.png\",\"contentUrl\":\"https:\/\/www.salvana-spa.fr\/wp-content\/uploads\/2018\/10\/LOGO.png\",\"width\":1418,\"height\":685,\"caption\":\"SALVANA SPA\"},\"image\":{\"@id\":\"https:\/\/www.salvana-spa.fr\/en\/#\/schema\/logo\/image\/\"}}]}<\/script>\n<!-- \/ Yoast SEO plugin. -->","yoast_head_json":{"title":"Hair removal - Institut de beaut\u00e9 Salvana SPA","description":"Photod\u00e9pilation et \u00e9pilation \u00e0 Nice pour homme et femme r\u00e9alis\u00e9es en institut par des esth\u00e9ticiennes d\u00eeplom\u00e9es. Pour une peau nette et douce garantie !","robots":{"index":"index","follow":"follow","max-snippet":"max-snippet:-1","max-image-preview":"max-image-preview:large","max-video-preview":"max-video-preview:-1"},"canonical":"https:\/\/www.salvana-spa.fr\/en\/les-epilations-hommes-femmes\/","og_locale":"en_US","og_type":"article","og_title":"Hair removal - Institut de beaut\u00e9 Salvana SPA","og_description":"Photod\u00e9pilation et \u00e9pilation \u00e0 Nice pour homme et femme r\u00e9alis\u00e9es en institut par des esth\u00e9ticiennes d\u00eeplom\u00e9es. Pour une peau nette et douce garantie !","og_url":"https:\/\/www.salvana-spa.fr\/en\/les-epilations-hommes-femmes\/","og_site_name":"Salvana SPA","article_modified_time":"2023-12-23T13:57:11+00:00","twitter_card":"summary_large_image","twitter_misc":{"Est. reading time":"2 minutes"},"schema":{"@context":"https:\/\/schema.org","@graph":[{"@type":"WebPage","@id":"https:\/\/www.salvana-spa.fr\/en\/les-epilations-hommes-femmes\/","url":"https:\/\/www.salvana-spa.fr\/en\/les-epilations-hommes-femmes\/","name":"Hair removal - Institut de beaut\u00e9 Salvana SPA","isPartOf":{"@id":"https:\/\/www.salvana-spa.fr\/en\/#website"},"datePublished":"2019-01-18T12:48:13+00:00","dateModified":"2023-12-23T13:57:11+00:00","description":"Photod\u00e9pilation et \u00e9pilation \u00e0 Nice pour homme et femme r\u00e9alis\u00e9es en institut par des esth\u00e9ticiennes d\u00eeplom\u00e9es. Pour une peau nette et douce garantie !","breadcrumb":{"@id":"https:\/\/www.salvana-spa.fr\/en\/les-epilations-hommes-femmes\/#breadcrumb"},"inLanguage":"en-US","potentialAction":[{"@type":"ReadAction","target":["https:\/\/www.salvana-spa.fr\/en\/les-epilations-hommes-femmes\/"]}]},{"@type":"BreadcrumbList","@id":"https:\/\/www.salvana-spa.fr\/en\/les-epilations-hommes-femmes\/#breadcrumb","itemListElement":[{"@type":"ListItem","position":1,"name":"Accueil","item":"https:\/\/www.salvana-spa.fr\/en\/"},{"@type":"ListItem","position":2,"name":"Hair removal"}]},{"@type":"WebSite","@id":"https:\/\/www.salvana-spa.fr\/en\/#website","url":"https:\/\/www.salvana-spa.fr\/en\/","name":"Salvana SPA","description":"","publisher":{"@id":"https:\/\/www.salvana-spa.fr\/en\/#organization"},"potentialAction":[{"@type":"SearchAction","target":{"@type":"EntryPoint","urlTemplate":"https:\/\/www.salvana-spa.fr\/en\/?s={search_term_string}"},"query-input":{"@type":"PropertyValueSpecification","valueRequired":true,"valueName":"search_term_string"}}],"inLanguage":"en-US"},{"@type":"Organization","@id":"https:\/\/www.salvana-spa.fr\/en\/#organization","name":"SALVANA SPA","url":"https:\/\/www.salvana-spa.fr\/en\/","logo":{"@type":"ImageObject","inLanguage":"en-US","@id":"https:\/\/www.salvana-spa.fr\/en\/#\/schema\/logo\/image\/","url":"https:\/\/www.salvana-spa.fr\/wp-content\/uploads\/2018\/10\/LOGO.png","contentUrl":"https:\/\/www.salvana-spa.fr\/wp-content\/uploads\/2018\/10\/LOGO.png","width":1418,"height":685,"caption":"SALVANA SPA"},"image":{"@id":"https:\/\/www.salvana-spa.fr\/en\/#\/schema\/logo\/image\/"}}]}},"_links":{"self":[{"href":"https:\/\/www.salvana-spa.fr\/en\/wp-json\/wp\/v2\/pages\/24058","targetHints":{"allow":["GET"]}}],"collection":[{"href":"https:\/\/www.salvana-spa.fr\/en\/wp-json\/wp\/v2\/pages"}],"about":[{"href":"https:\/\/www.salvana-spa.fr\/en\/wp-json\/wp\/v2\/types\/page"}],"author":[{"embeddable":true,"href":"https:\/\/www.salvana-spa.fr\/en\/wp-json\/wp\/v2\/users\/1"}],"replies":[{"embeddable":true,"href":"https:\/\/www.salvana-spa.fr\/en\/wp-json\/wp\/v2\/comments?post=24058"}],"version-history":[{"count":17,"href":"https:\/\/www.salvana-spa.fr\/en\/wp-json\/wp\/v2\/pages\/24058\/revisions"}],"predecessor-version":[{"id":24399,"href":"https:\/\/www.salvana-spa.fr\/en\/wp-json\/wp\/v2\/pages\/24058\/revisions\/24399"}],"wp:attachment":[{"href":"https:\/\/www.salvana-spa.fr\/en\/wp-json\/wp\/v2\/media?parent=24058"}],"curies":[{"name":"wp","href":"https:\/\/api.w.org\/{rel}","templated":true}]}}