{"id":24072,"date":"2019-01-18T17:13:50","date_gmt":"2019-01-18T16:13:50","guid":{"rendered":"https:\/\/www.salvana-spa.fr\/les-appareils\/"},"modified":"2023-12-21T19:44:16","modified_gmt":"2023-12-21T18:44:16","slug":"les-appareils","status":"publish","type":"page","link":"https:\/\/www.salvana-spa.fr\/en\/les-appareils\/","title":{"rendered":"Medical SPA treatments"},"content":{"rendered":"<div class=\"wpb-content-wrapper\"><p>[vc_row][vc_column][vc_column_text]<\/p>\n<h2>Body treatments<\/h2>\n<p>[\/vc_column_text][vc_column_text]Let yourself be tempted by the massage and scrab silhouette, our new complete slimming treatment that attacks all types of cellulite for a visibly more beautiful and seemingly sculpted body. Unique relaxing effect,The skin<br \/>\nis smoother and its orange-peel appearance is reduced, Results after 3 weeks, a unique and original Limoges porcelain massage accessory.<\/p>\n<ul>\n<li>Gommage minceur sublimateur silhouette <strong>(30 min) 60\u20ac<\/strong><\/li>\n<li>Modelage minceur jeunesse corps-Lissage\/fermet\u00e9 <strong>(30 min) 80\u20ac<\/strong><\/li>\n<\/ul>\n<ul>\n<li>Massage silhouette minceur <strong>(50 min) 120\u20ac<\/strong><\/li>\n<li>Forfait 6 Massage silhouette minceur <strong>600\u20ac<\/strong><\/li>\n<\/ul>\n<ul>\n<li>Soin minceur signature silhouette (gommage &amp; massage sible) <strong>(50 min) 120\u20ac<\/strong><\/li>\n<li>Forfait Soin minceur signature silhouette (gommage &amp; massage sible) <strong>600\u20ac<\/strong><\/li>\n<\/ul>\n<p>[\/vc_column_text][vc_column_text]<\/p>\n<h3>Traitement de la cellulite par Ultrasons Focalis\u00e9s (HIFU)<\/h3>\n<p>High-intensity focused ultrasound (also known as HIFU for High Intensity Ultrasound Focalized) is a treatment for cellulite and sagging skin. It is a treatment of thinning and reshaping the different areas of the body using high intensity focused ultrasound. It is a non-surgical and non-invasive treatment adapted to men and women that can be carried out all year round.<br \/>\n<strong>Depending on the chosen level of treatment (13 mm and 8 mm):<\/strong><br \/>\n\u2022 or destroy the fat cells which will be permanently eliminated (thinning of cellulite and small fat clusters).<br \/>\n\u2022 or firm and retest skin tissue.<\/p>\n<h2 style=\"font-size: 22px;\">LIFTING HIFU CORPS<\/h2>\n<ul>\n<li>Lifting HIFU des genoux<strong>(40 min) 500\u20ac<\/strong><\/li>\n<li>Lifting HIFU D\u00e9collet\u00e9 (sans cou) <strong>(40 min) 600 \u20ac<\/strong><\/li>\n<li>Lifting HIFU Int\u00e9rieur des bras <strong>(60 min) 600 \u20ac<\/strong><\/li>\n<li>Lifting HIFU des cuisses et int\u00e9rieur <strong>(90 min) 800 \u20ac<\/strong><\/li>\n<li>Lifting HIFU des fesses <strong>(90 min) 800 \u20ac<\/strong><\/li>\n<li>Lifting HIFU du ventre <strong>(90 min) 800 \u20ac<\/strong><\/li>\n<\/ul>\n<p>[\/vc_column_text][vc_column_text]<\/p>\n<h3>Cryolipolyse 360\u00b0<\/h3>\n<p>Cryolipolysei means destruction of fat by cold. It aims to crystallize the fat contained in fat cells (adipocytes) in order to trigger their \u00abprogrammed death\u00bb (apoptosis). Cryolipolysis therefore exploits the sensitivity of fat cells (adipocytes) to the cold by exposing the desired areas to intensive and deep cooling for one hour. The fat cells are thus damaged and then affected in two stages. Part of the fat cells is affected directly during the session and will be evacuated by the lymphatic system. Another part self-destructs naturally and is gradually metabolized in a few weeks by the liver. It can reduce fat by about 26% after treatment. Many areas can be treated, such as waist, abdomen, buttocks and thighs, arms and reduced chin fat.<\/p>\n<ul>\n<li>1 zone Cryo 360\u00b0 trait\u00e9e <strong>190\u20ac<\/strong><\/li>\n<li>2 zones Cryo 360\u00b0 trait\u00e9es <strong>290\u20ac<\/strong><\/li>\n<li>3 zones Cryo 360\u00b0 trait\u00e9es <strong>390\u20ac<\/strong><\/li>\n<\/ul>\n<p>[\/vc_column_text][vc_column_text]<\/p>\n<h2>EMT+EMSlim\/EMSculpt NEO PRO Stimulator slimming &amp; strength training<\/h2>\n<h3>Increase 18% muscle &amp; reduce 21% fat.<\/h3>\n<p>Use of HI-EMT (high energy electromagnetic waves) technology to permanently expand and contract autologous muscles and perform extreme training to deeply reshape the internal structure of the muscle, that is to say the growth of muscle fibrils (muscle enlargement) and produce new proteins Muscle chains and fibers (muscle hyperplasia), so as to form and increase muscle density and volume. The 100% extreme muscle contraction of HI-EMT technology can trigger a large amount of fat decomposition, fatty acids are broken down from triglycerides and accumulated in fat cells. Fatty acid concentrations are too high, which leads to fat apoptosis, which is excreted by the body\u2019s normal metabolism in a few weeks. Therefore, thin beauty machine can strengthen and increase muscle and reduce fat at the same time.<\/p>\n<p style=\"font-size: 20px; color: #8b5e46;\">Tarif \u00e0 la s\u00e9ance :<\/p>\n<ul>\n<li>1 zone <strong>100\u20ac<\/strong><\/li>\n<li>2 zones <strong>190\u20ac<\/strong><\/li>\n<\/ul>\n<p style=\"font-size: 20px; color: #8b5e46;\">Tarif au forfait :<\/p>\n<ul>\n<li>FORFAIT 4 s\u00e9ances \u2022 1 zone <strong>320\u20ac<\/strong><\/li>\n<li>FORFAIT 6 s\u00e9ances \u2022 1 zone <strong>420\u20ac<\/strong><\/li>\n<li>FORFAIT 8 s\u00e9ances \u2022 1 zone <strong>520\u20ac<\/strong><\/li>\n<\/ul>\n<ul>\n<li>FORFAIT 4 s\u00e9ances \u2022 2 zones <strong>720\u20ac<\/strong><\/li>\n<li>FORFAIT 6 s\u00e9ances \u2022 2 zones <strong>1020\u20ac<\/strong><\/li>\n<\/ul>\n<p>[\/vc_column_text][vc_column_text]<\/p>\n<h2>LASER LIPOLYSIS DESTROY FAT, TIGHTEN SKIN<\/h2>\n<p>Laser lipolysis is a relatively recent and widespread technique of fat destruction. The laser radiation by its thermal effect allows a destruction of the fat cells and the obtaining of a cutaneous shrinkage. Note that in heat treatment of skin sagging. The operating principle of laser lipolysis is based on the bursting of fat cells (or adipocytes) by a controlled thermal effect. Laser radiation comes directly into contact with the adipocyte, heats it until it bursts, the triglycerides released by the bursting must then be metabolized by the body or more safely aspirated in order to accelerate their elimination.<br \/>\nThis technique should be reserved for localized excess fat. It is the ideal treatment of superficial fat overloads and in particular cellulite. Indeed, the homogeneity of the results obtained by this technique makes it possible to work much more on the surface without creating irregularities unlike superficial liposuction. It is advisable to perform a treatment of 10 sessions at a rate of 2 sessions per week for an optimal result. There is no noticeable change in the first few weeks; the result will start to appear after 1 month. The skin will take about 3 to 6 months to retract completely on the new curves and readjust to the new silhouette.<\/p>\n<ul>\n<li>Ventre <strong>(30 min) 50\u20ac<\/strong><\/li>\n<li>Cuisses <strong>(30 min) 50\u20ac<\/strong><\/li>\n<li>Bourrelets <strong>(30 min) 50\u20ac<\/strong><\/li>\n<li>Fessier <strong>(30 min) 50\u20ac<\/strong><\/li>\n<li>Bras inf\u00e9rieur <strong>(30 min) 50\u20ac<\/strong><\/li>\n<li>Genoux <strong>(30 min) 50\u20ac<\/strong><\/li>\n<li>Bras &#8211; Ventre <strong>(30 min) 80\u20ac<\/strong><\/li>\n<li>Cuisses-Genoux <strong>(30 min) 80\u20ac<\/strong><\/li>\n<\/ul>\n<p>[\/vc_column_text][vc_column_text]<\/p>\n<h2>Lipo-Cavitation<\/h2>\n<p>Cavitation is a non-invasive technique that uses low frequency waves and massages to remove localized fat. The waves penetrate the skin and stimulate the localized fat, which causes the detachment and disintegration of adiposity. It is a simple, quick and painless treatment. It helps to reduce adipose tissue specifically and in localized areas. It is generally recommended for thin patients, but wishing to improve the appearance of their body and skin and not lose weight. It is a treatment that does not require any type of anesthesia because no incision is made, however, during the first sessions, it can cause discomfort. In patients with sensitive skin, small bruises may appear, but they will disappear quickly. A revolutionary treatment that reduces fat and blurs cellulite.<\/p>\n<ul>\n<li>Ventre + S\u00e9rum anti-cellulite <strong>(30 min) 70\u20ac<\/strong><\/li>\n<li>Forfait 10 s\u00e9ances &#8211; Ventre + S\u00e9rum anti-cellulite <strong>630\u20ac<\/strong><\/li>\n<\/ul>\n<ul>\n<li>Cuisses + S\u00e9rum anti-cellulite <strong>(30 min) 70\u20ac<\/strong><\/li>\n<li>Forfait 10 s\u00e9ances &#8211; Cuisses + S\u00e9rum anti-cellulite <strong>630\u20ac<\/strong><\/li>\n<\/ul>\n<ul>\n<li>Bourrelets + S\u00e9rum anti-cellulite <strong>(30 min) 70\u20ac<\/strong><\/li>\n<li>Forfait 10 s\u00e9ances &#8211; Bourrelets + S\u00e9rum anti-cellulite <strong>630\u20ac<\/strong><\/li>\n<\/ul>\n<ul>\n<li>Bras inf\u00e9rieur + S\u00e9rum anti-cellulite <strong>(30 min) 70\u20ac<\/strong><\/li>\n<li>Forfait 10 s\u00e9ances &#8211; Bras inf\u00e9rieur + S\u00e9rum anti-cellulite <strong>630\u20ac<\/strong><\/li>\n<\/ul>\n<ul>\n<li>Bourrelets du soutien-gorge <strong>(30 min) 70\u20ac<\/strong><\/li>\n<li>Forfait 10 s\u00e9ances &#8211; Bourrelets du soutien-gorge <strong>630\u20ac<\/strong><\/li>\n<\/ul>\n<ul>\n<li>Cuisses &#8211; Fessier &#8211; Jambes <strong>(60 min) 130\u20ac<\/strong><\/li>\n<li>Forfait 10 s\u00e9ances &#8211; Cuisses &#8211; Fessier &#8211; Jambes <strong>1170\u20ac<\/strong><\/li>\n<\/ul>\n<p>[\/vc_column_text][vc_column_text]<\/p>\n<h3>MYA E+<\/h3>\n<p>MYA E + allows to perform a bioimpedencemetry analysis of the client. It suffices to base a series of data relating to the morphological structure of the subject to elaborate, through precise algorithms, the fat mass, the lean mass, the total, intracellular and extracellular waters as well as the number of sessions advised. Effective and painless, MYA E + applies the benefits of ultrasound simultaneously to high frequency electrostimulation<\/p>\n<ul>\n<li>1 session<strong> 120\u20ac<\/strong><\/li>\n<li>6 sessions <strong>600 \u20ac<\/strong><\/li>\n<li>12 sessions <strong>1200 \u20ac<\/strong><\/li>\n<\/ul>\n<h3>M\u00e9soporation<\/h3>\n<p>Is used to infuse transdermally natural substances that dissolve fats. Localized treatment of adiposity and cellulite, stretch marks, lack of firmness and lack of hydration<\/p>\n<ul>\n<li>1 session <strong>130\u20ac<\/strong><\/li>\n<li>6 sessions <strong>650 \u20ac<\/strong><\/li>\n<li>12 sessions<strong> 1300 \u20ac<\/strong><\/li>\n<\/ul>\n<h3>Les ultrasons &amp; la radiofr\u00e9quence<\/h3>\n<p>A combination of electromagnetic waves to reduce fat and deeply firm tissues. Radio frequency and ultrasound a revolutionary combination. In fact, ultrasound makes it possible to awaken fatty tissues and make them more permeable to the radio frequency. The radiofrequency then arrives by warming the tissue temperature and destroying the fat cells. A complementary treatment that guarantees a reduction in fat area and firmness due to tissues. During a session, the machine is placed on the area to be treated. Heat is emitted to transmit energy to the different tissues of the skin. This heat will melt the fat and mechanically awaken the collagen present in the tissues that will give firmness to them. The treatment significantly reduces the fatty mass of the treated area. The silhouette is redesigned and the skin is firmed.<\/p>\n<ul>\n<li>Cuisses &#8211; Fessier &#8211; Jambes <strong>(60 min) 150\u20ac<\/strong><\/li>\n<li>Forfait 10 s\u00e9ances &#8211; Cuisses &#8211; Fessier &#8211; Jambes <strong>1350\u20ac<\/strong><\/li>\n<\/ul>\n<ul>\n<li>Ventre + S\u00e9rum anti-cellulite <strong>(30 min) 80\u20ac<\/strong><\/li>\n<li>Forfait 10 s\u00e9ances &#8211; Ventre + S\u00e9rum anti-cellulite <strong>720\u20ac<\/strong><\/li>\n<\/ul>\n<ul>\n<li>Cuisses + S\u00e9rum anti-cellulite <strong>(30 min) 80\u20ac<\/strong><\/li>\n<li>Forfait 10 s\u00e9ances &#8211; Cuisses + S\u00e9rum anti-cellulite <strong>720\u20ac<\/strong><\/li>\n<\/ul>\n<ul>\n<li>Bourrelets + S\u00e9rum anti-cellulite <strong>(30 min) 80\u20ac<\/strong><\/li>\n<li>Forfait 10 s\u00e9ances &#8211; Bourrelets + S\u00e9rum anti-cellulite <strong>720\u20ac<\/strong><\/li>\n<\/ul>\n<ul>\n<li>Fessier + S\u00e9rum anti-cellulite <strong>(30 min) 80\u20ac<\/strong><\/li>\n<li>Forfait 10 s\u00e9ances &#8211; Fessier + S\u00e9rum anti-cellulite <strong>720\u20ac<\/strong><\/li>\n<\/ul>\n<ul>\n<li>Bras inf\u00e9rieur + S\u00e9rum anti-cellulite <strong>(30 min) 80\u20ac<\/strong><\/li>\n<li>Forfait 10 s\u00e9ances &#8211; Bras inf\u00e9rieur + S\u00e9rum anti-cellulite <strong>720\u20ac<\/strong><\/li>\n<\/ul>\n<h3>Pressotherapy<\/h3>\n<p>Complete care, important and essential for any goal of weight loss, refinement of the silhouette or anti-cellulite program. Reactivates the lymphatic and circulatory system by mechanical pressures and cold actions.<\/p>\n<ul>\n<li>1 session <strong>70\u20ac<\/strong><\/li>\n<li>6 session <strong>350 \u20ac<\/strong><\/li>\n<\/ul>\n<h3>Pressotherapy treatment of the legs for pregnant women<\/h3>\n<p>Care to restart the lymphatic and circulatory system by mechanical pressure. Ideal for pregnant women.<\/p>\n<ul>\n<li>1 session <strong>550 \u20ac<\/strong><\/li>\n<li>6 session <strong>275 \u20ac<\/strong><\/li>\n<\/ul>\n<p>[\/vc_column_text][\/vc_column][\/vc_row]<\/p>\n<\/div>","protected":false},"excerpt":{"rendered":"<p>&#8230;<\/p>\n","protected":false},"author":1,"featured_media":0,"parent":0,"menu_order":0,"comment_status":"closed","ping_status":"closed","template":"","meta":{"footnotes":""},"class_list":["post-24072","page","type-page","status-publish","hentry"],"yoast_head":"<!-- This site is optimized with the Yoast SEO plugin v25.9 - https:\/\/yoast.com\/wordpress\/plugins\/seo\/ -->\n<title>Medical SPA treatments - Institut de beaut\u00e9 Salvana SPA<\/title>\n<meta name=\"robots\" content=\"index, follow, max-snippet:-1, max-image-preview:large, max-video-preview:-1\" \/>\n<link rel=\"canonical\" href=\"https:\/\/www.salvana-spa.fr\/en\/les-appareils\/\" \/>\n<meta property=\"og:locale\" content=\"en_US\" \/>\n<meta property=\"og:type\" content=\"article\" \/>\n<meta property=\"og:title\" content=\"Medical SPA treatments - Institut de beaut\u00e9 Salvana SPA\" \/>\n<meta property=\"og:description\" content=\"...\" \/>\n<meta property=\"og:url\" content=\"https:\/\/www.salvana-spa.fr\/en\/les-appareils\/\" \/>\n<meta property=\"og:site_name\" content=\"Salvana SPA\" \/>\n<meta property=\"article:modified_time\" content=\"2023-12-21T18:44:16+00:00\" \/>\n<meta name=\"twitter:card\" content=\"summary_large_image\" \/>\n<meta name=\"twitter:label1\" content=\"Est. reading time\" \/>\n\t<meta name=\"twitter:data1\" content=\"8 minutes\" \/>\n<script type=\"application\/ld+json\" class=\"yoast-schema-graph\">{\"@context\":\"https:\/\/schema.org\",\"@graph\":[{\"@type\":\"WebPage\",\"@id\":\"https:\/\/www.salvana-spa.fr\/en\/les-appareils\/\",\"url\":\"https:\/\/www.salvana-spa.fr\/en\/les-appareils\/\",\"name\":\"Medical SPA treatments - Institut de beaut\u00e9 Salvana SPA\",\"isPartOf\":{\"@id\":\"https:\/\/www.salvana-spa.fr\/en\/#website\"},\"datePublished\":\"2019-01-18T16:13:50+00:00\",\"dateModified\":\"2023-12-21T18:44:16+00:00\",\"breadcrumb\":{\"@id\":\"https:\/\/www.salvana-spa.fr\/en\/les-appareils\/#breadcrumb\"},\"inLanguage\":\"en-US\",\"potentialAction\":[{\"@type\":\"ReadAction\",\"target\":[\"https:\/\/www.salvana-spa.fr\/en\/les-appareils\/\"]}]},{\"@type\":\"BreadcrumbList\",\"@id\":\"https:\/\/www.salvana-spa.fr\/en\/les-appareils\/#breadcrumb\",\"itemListElement\":[{\"@type\":\"ListItem\",\"position\":1,\"name\":\"Accueil\",\"item\":\"https:\/\/www.salvana-spa.fr\/en\/\"},{\"@type\":\"ListItem\",\"position\":2,\"name\":\"Medical SPA treatments\"}]},{\"@type\":\"WebSite\",\"@id\":\"https:\/\/www.salvana-spa.fr\/en\/#website\",\"url\":\"https:\/\/www.salvana-spa.fr\/en\/\",\"name\":\"Salvana SPA\",\"description\":\"\",\"publisher\":{\"@id\":\"https:\/\/www.salvana-spa.fr\/en\/#organization\"},\"potentialAction\":[{\"@type\":\"SearchAction\",\"target\":{\"@type\":\"EntryPoint\",\"urlTemplate\":\"https:\/\/www.salvana-spa.fr\/en\/?s={search_term_string}\"},\"query-input\":{\"@type\":\"PropertyValueSpecification\",\"valueRequired\":true,\"valueName\":\"search_term_string\"}}],\"inLanguage\":\"en-US\"},{\"@type\":\"Organization\",\"@id\":\"https:\/\/www.salvana-spa.fr\/en\/#organization\",\"name\":\"SALVANA SPA\",\"url\":\"https:\/\/www.salvana-spa.fr\/en\/\",\"logo\":{\"@type\":\"ImageObject\",\"inLanguage\":\"en-US\",\"@id\":\"https:\/\/www.salvana-spa.fr\/en\/#\/schema\/logo\/image\/\",\"url\":\"https:\/\/www.salvana-spa.fr\/wp-content\/uploads\/2018\/10\/LOGO.png\",\"contentUrl\":\"https:\/\/www.salvana-spa.fr\/wp-content\/uploads\/2018\/10\/LOGO.png\",\"width\":1418,\"height\":685,\"caption\":\"SALVANA SPA\"},\"image\":{\"@id\":\"https:\/\/www.salvana-spa.fr\/en\/#\/schema\/logo\/image\/\"}}]}<\/script>\n<!-- \/ Yoast SEO plugin. -->","yoast_head_json":{"title":"Medical SPA treatments - Institut de beaut\u00e9 Salvana SPA","robots":{"index":"index","follow":"follow","max-snippet":"max-snippet:-1","max-image-preview":"max-image-preview:large","max-video-preview":"max-video-preview:-1"},"canonical":"https:\/\/www.salvana-spa.fr\/en\/les-appareils\/","og_locale":"en_US","og_type":"article","og_title":"Medical SPA treatments - Institut de beaut\u00e9 Salvana SPA","og_description":"...","og_url":"https:\/\/www.salvana-spa.fr\/en\/les-appareils\/","og_site_name":"Salvana SPA","article_modified_time":"2023-12-21T18:44:16+00:00","twitter_card":"summary_large_image","twitter_misc":{"Est. reading time":"8 minutes"},"schema":{"@context":"https:\/\/schema.org","@graph":[{"@type":"WebPage","@id":"https:\/\/www.salvana-spa.fr\/en\/les-appareils\/","url":"https:\/\/www.salvana-spa.fr\/en\/les-appareils\/","name":"Medical SPA treatments - Institut de beaut\u00e9 Salvana SPA","isPartOf":{"@id":"https:\/\/www.salvana-spa.fr\/en\/#website"},"datePublished":"2019-01-18T16:13:50+00:00","dateModified":"2023-12-21T18:44:16+00:00","breadcrumb":{"@id":"https:\/\/www.salvana-spa.fr\/en\/les-appareils\/#breadcrumb"},"inLanguage":"en-US","potentialAction":[{"@type":"ReadAction","target":["https:\/\/www.salvana-spa.fr\/en\/les-appareils\/"]}]},{"@type":"BreadcrumbList","@id":"https:\/\/www.salvana-spa.fr\/en\/les-appareils\/#breadcrumb","itemListElement":[{"@type":"ListItem","position":1,"name":"Accueil","item":"https:\/\/www.salvana-spa.fr\/en\/"},{"@type":"ListItem","position":2,"name":"Medical SPA treatments"}]},{"@type":"WebSite","@id":"https:\/\/www.salvana-spa.fr\/en\/#website","url":"https:\/\/www.salvana-spa.fr\/en\/","name":"Salvana SPA","description":"","publisher":{"@id":"https:\/\/www.salvana-spa.fr\/en\/#organization"},"potentialAction":[{"@type":"SearchAction","target":{"@type":"EntryPoint","urlTemplate":"https:\/\/www.salvana-spa.fr\/en\/?s={search_term_string}"},"query-input":{"@type":"PropertyValueSpecification","valueRequired":true,"valueName":"search_term_string"}}],"inLanguage":"en-US"},{"@type":"Organization","@id":"https:\/\/www.salvana-spa.fr\/en\/#organization","name":"SALVANA SPA","url":"https:\/\/www.salvana-spa.fr\/en\/","logo":{"@type":"ImageObject","inLanguage":"en-US","@id":"https:\/\/www.salvana-spa.fr\/en\/#\/schema\/logo\/image\/","url":"https:\/\/www.salvana-spa.fr\/wp-content\/uploads\/2018\/10\/LOGO.png","contentUrl":"https:\/\/www.salvana-spa.fr\/wp-content\/uploads\/2018\/10\/LOGO.png","width":1418,"height":685,"caption":"SALVANA SPA"},"image":{"@id":"https:\/\/www.salvana-spa.fr\/en\/#\/schema\/logo\/image\/"}}]}},"_links":{"self":[{"href":"https:\/\/www.salvana-spa.fr\/en\/wp-json\/wp\/v2\/pages\/24072","targetHints":{"allow":["GET"]}}],"collection":[{"href":"https:\/\/www.salvana-spa.fr\/en\/wp-json\/wp\/v2\/pages"}],"about":[{"href":"https:\/\/www.salvana-spa.fr\/en\/wp-json\/wp\/v2\/types\/page"}],"author":[{"embeddable":true,"href":"https:\/\/www.salvana-spa.fr\/en\/wp-json\/wp\/v2\/users\/1"}],"replies":[{"embeddable":true,"href":"https:\/\/www.salvana-spa.fr\/en\/wp-json\/wp\/v2\/comments?post=24072"}],"version-history":[{"count":11,"href":"https:\/\/www.salvana-spa.fr\/en\/wp-json\/wp\/v2\/pages\/24072\/revisions"}],"predecessor-version":[{"id":24393,"href":"https:\/\/www.salvana-spa.fr\/en\/wp-json\/wp\/v2\/pages\/24072\/revisions\/24393"}],"wp:attachment":[{"href":"https:\/\/www.salvana-spa.fr\/en\/wp-json\/wp\/v2\/media?parent=24072"}],"curies":[{"name":"wp","href":"https:\/\/api.w.org\/{rel}","templated":true}]}}