{"id":24076,"date":"2019-01-18T16:02:08","date_gmt":"2019-01-18T15:02:08","guid":{"rendered":"https:\/\/www.salvana-spa.fr\/mentions-legales\/"},"modified":"2019-04-19T11:06:00","modified_gmt":"2019-04-19T09:06:00","slug":"legal","status":"publish","type":"page","link":"https:\/\/www.salvana-spa.fr\/en\/legal\/","title":{"rendered":"Legal Notice"},"content":{"rendered":"<div class=\"wpb-content-wrapper\"><p>[vc_row][vc_column][vc_column_text]<strong>Editeur\u00a0:<\/strong> Le site <a href=\"http:\/\/www.salvana-spa.fr\">www.salvana-spa.fr<\/a> est \u00e9dit\u00e9 par la soci\u00e9t\u00e9 SALVANA SPA, SASU dont le si\u00e8ge social est situ\u00e9e au 23 rue du Commandant Raffali- 06000 Nice \u2013 France et immatricul\u00e9e au RCS de Nice sous le num\u00e9ro\u00a0: 753\u00a0438\u00a0878.<\/p>\n<h3>Autres informations\u00a0:<\/h3>\n<ul>\n<li>N\u00b0 SIREN\u00a0: 753\u00a0438\u00a0878 00013<\/li>\n<li>N\u00b0 TVA Intracommunautaire\u00a0: FR45\u00a0753\u00a0438 878<\/li>\n<li>Capital social\u00a0: 10\u00a0000\u20ac<\/li>\n<li>N\u00b0 de T\u00e9l\u00e9phone\u00a0: 04 93 62 87 32<\/li>\n<li>Email\u00a0: <a href=\"mailto:institut@salvana-spa.fr\">institut@salvana-spa.fr<\/a><\/li>\n<li>H\u00e9bergeur\u00a0: OVH SAS<\/li>\n<li>D\u00e9veloppement du site :\u00a0\u00a0<a href=\"http:\/\/www.hdsolution.fr\/\" target=\"_blank\" rel=\"noopener noreferrer\">HDSolution<\/a><\/li>\n<li>D\u00e9claration CNIL\u00a0:<\/li>\n<\/ul>\n<p>Ce site est l\u2019enti\u00e8re propri\u00e9t\u00e9 de Salvana Spa. Toute reproduction, m\u00eame partielle, de ce site est strictement interdite.[\/vc_column_text][\/vc_column][\/vc_row]<\/p>\n<\/div>","protected":false},"excerpt":{"rendered":"<p>&#8230;<\/p>\n","protected":false},"author":1,"featured_media":0,"parent":0,"menu_order":0,"comment_status":"closed","ping_status":"closed","template":"","meta":{"footnotes":""},"class_list":["post-24076","page","type-page","status-publish","hentry"],"yoast_head":"<!-- This site is optimized with the Yoast SEO plugin v25.9 - https:\/\/yoast.com\/wordpress\/plugins\/seo\/ -->\n<title>Legal Notice - Salvana SPA<\/title>\n<meta name=\"robots\" content=\"noindex, follow\" \/>\n<meta property=\"og:locale\" content=\"en_US\" \/>\n<meta property=\"og:type\" content=\"article\" \/>\n<meta property=\"og:title\" content=\"Legal Notice - Salvana SPA\" \/>\n<meta property=\"og:description\" content=\"...\" \/>\n<meta property=\"og:url\" content=\"https:\/\/www.salvana-spa.fr\/en\/legal\/\" \/>\n<meta property=\"og:site_name\" content=\"Salvana SPA\" \/>\n<meta property=\"article:modified_time\" content=\"2019-04-19T09:06:00+00:00\" \/>\n<meta name=\"twitter:card\" content=\"summary_large_image\" \/>\n<meta name=\"twitter:label1\" content=\"Est. reading time\" \/>\n\t<meta name=\"twitter:data1\" content=\"1 minute\" \/>\n<script type=\"application\/ld+json\" class=\"yoast-schema-graph\">{\"@context\":\"https:\/\/schema.org\",\"@graph\":[{\"@type\":\"WebPage\",\"@id\":\"https:\/\/www.salvana-spa.fr\/en\/legal\/\",\"url\":\"https:\/\/www.salvana-spa.fr\/en\/legal\/\",\"name\":\"Legal Notice - Salvana SPA\",\"isPartOf\":{\"@id\":\"https:\/\/www.salvana-spa.fr\/en\/#website\"},\"datePublished\":\"2019-01-18T15:02:08+00:00\",\"dateModified\":\"2019-04-19T09:06:00+00:00\",\"breadcrumb\":{\"@id\":\"https:\/\/www.salvana-spa.fr\/en\/legal\/#breadcrumb\"},\"inLanguage\":\"en-US\",\"potentialAction\":[{\"@type\":\"ReadAction\",\"target\":[\"https:\/\/www.salvana-spa.fr\/en\/legal\/\"]}]},{\"@type\":\"BreadcrumbList\",\"@id\":\"https:\/\/www.salvana-spa.fr\/en\/legal\/#breadcrumb\",\"itemListElement\":[{\"@type\":\"ListItem\",\"position\":1,\"name\":\"Accueil\",\"item\":\"https:\/\/www.salvana-spa.fr\/en\/\"},{\"@type\":\"ListItem\",\"position\":2,\"name\":\"Legal Notice\"}]},{\"@type\":\"WebSite\",\"@id\":\"https:\/\/www.salvana-spa.fr\/en\/#website\",\"url\":\"https:\/\/www.salvana-spa.fr\/en\/\",\"name\":\"Salvana SPA\",\"description\":\"\",\"publisher\":{\"@id\":\"https:\/\/www.salvana-spa.fr\/en\/#organization\"},\"potentialAction\":[{\"@type\":\"SearchAction\",\"target\":{\"@type\":\"EntryPoint\",\"urlTemplate\":\"https:\/\/www.salvana-spa.fr\/en\/?s={search_term_string}\"},\"query-input\":{\"@type\":\"PropertyValueSpecification\",\"valueRequired\":true,\"valueName\":\"search_term_string\"}}],\"inLanguage\":\"en-US\"},{\"@type\":\"Organization\",\"@id\":\"https:\/\/www.salvana-spa.fr\/en\/#organization\",\"name\":\"SALVANA SPA\",\"url\":\"https:\/\/www.salvana-spa.fr\/en\/\",\"logo\":{\"@type\":\"ImageObject\",\"inLanguage\":\"en-US\",\"@id\":\"https:\/\/www.salvana-spa.fr\/en\/#\/schema\/logo\/image\/\",\"url\":\"https:\/\/www.salvana-spa.fr\/wp-content\/uploads\/2018\/10\/LOGO.png\",\"contentUrl\":\"https:\/\/www.salvana-spa.fr\/wp-content\/uploads\/2018\/10\/LOGO.png\",\"width\":1418,\"height\":685,\"caption\":\"SALVANA SPA\"},\"image\":{\"@id\":\"https:\/\/www.salvana-spa.fr\/en\/#\/schema\/logo\/image\/\"}}]}<\/script>\n<!-- \/ Yoast SEO plugin. -->","yoast_head_json":{"title":"Legal Notice - Salvana SPA","robots":{"index":"noindex","follow":"follow"},"og_locale":"en_US","og_type":"article","og_title":"Legal Notice - Salvana SPA","og_description":"...","og_url":"https:\/\/www.salvana-spa.fr\/en\/legal\/","og_site_name":"Salvana SPA","article_modified_time":"2019-04-19T09:06:00+00:00","twitter_card":"summary_large_image","twitter_misc":{"Est. reading time":"1 minute"},"schema":{"@context":"https:\/\/schema.org","@graph":[{"@type":"WebPage","@id":"https:\/\/www.salvana-spa.fr\/en\/legal\/","url":"https:\/\/www.salvana-spa.fr\/en\/legal\/","name":"Legal Notice - Salvana SPA","isPartOf":{"@id":"https:\/\/www.salvana-spa.fr\/en\/#website"},"datePublished":"2019-01-18T15:02:08+00:00","dateModified":"2019-04-19T09:06:00+00:00","breadcrumb":{"@id":"https:\/\/www.salvana-spa.fr\/en\/legal\/#breadcrumb"},"inLanguage":"en-US","potentialAction":[{"@type":"ReadAction","target":["https:\/\/www.salvana-spa.fr\/en\/legal\/"]}]},{"@type":"BreadcrumbList","@id":"https:\/\/www.salvana-spa.fr\/en\/legal\/#breadcrumb","itemListElement":[{"@type":"ListItem","position":1,"name":"Accueil","item":"https:\/\/www.salvana-spa.fr\/en\/"},{"@type":"ListItem","position":2,"name":"Legal Notice"}]},{"@type":"WebSite","@id":"https:\/\/www.salvana-spa.fr\/en\/#website","url":"https:\/\/www.salvana-spa.fr\/en\/","name":"Salvana SPA","description":"","publisher":{"@id":"https:\/\/www.salvana-spa.fr\/en\/#organization"},"potentialAction":[{"@type":"SearchAction","target":{"@type":"EntryPoint","urlTemplate":"https:\/\/www.salvana-spa.fr\/en\/?s={search_term_string}"},"query-input":{"@type":"PropertyValueSpecification","valueRequired":true,"valueName":"search_term_string"}}],"inLanguage":"en-US"},{"@type":"Organization","@id":"https:\/\/www.salvana-spa.fr\/en\/#organization","name":"SALVANA SPA","url":"https:\/\/www.salvana-spa.fr\/en\/","logo":{"@type":"ImageObject","inLanguage":"en-US","@id":"https:\/\/www.salvana-spa.fr\/en\/#\/schema\/logo\/image\/","url":"https:\/\/www.salvana-spa.fr\/wp-content\/uploads\/2018\/10\/LOGO.png","contentUrl":"https:\/\/www.salvana-spa.fr\/wp-content\/uploads\/2018\/10\/LOGO.png","width":1418,"height":685,"caption":"SALVANA SPA"},"image":{"@id":"https:\/\/www.salvana-spa.fr\/en\/#\/schema\/logo\/image\/"}}]}},"_links":{"self":[{"href":"https:\/\/www.salvana-spa.fr\/en\/wp-json\/wp\/v2\/pages\/24076","targetHints":{"allow":["GET"]}}],"collection":[{"href":"https:\/\/www.salvana-spa.fr\/en\/wp-json\/wp\/v2\/pages"}],"about":[{"href":"https:\/\/www.salvana-spa.fr\/en\/wp-json\/wp\/v2\/types\/page"}],"author":[{"embeddable":true,"href":"https:\/\/www.salvana-spa.fr\/en\/wp-json\/wp\/v2\/users\/1"}],"replies":[{"embeddable":true,"href":"https:\/\/www.salvana-spa.fr\/en\/wp-json\/wp\/v2\/comments?post=24076"}],"version-history":[{"count":1,"href":"https:\/\/www.salvana-spa.fr\/en\/wp-json\/wp\/v2\/pages\/24076\/revisions"}],"predecessor-version":[{"id":24077,"href":"https:\/\/www.salvana-spa.fr\/en\/wp-json\/wp\/v2\/pages\/24076\/revisions\/24077"}],"wp:attachment":[{"href":"https:\/\/www.salvana-spa.fr\/en\/wp-json\/wp\/v2\/media?parent=24076"}],"curies":[{"name":"wp","href":"https:\/\/api.w.org\/{rel}","templated":true}]}}